{"id":447,"date":"2019-02-12T18:35:37","date_gmt":"2019-02-12T17:35:37","guid":{"rendered":"http:\/\/new.pmb-paramibebe.com\/contact-form\/"},"modified":"2020-12-01T14:11:32","modified_gmt":"2020-12-01T13:11:32","slug":"contact-form","status":"publish","type":"page","link":"http:\/\/www.pmb-paramibebe.com\/en\/contact-form\/","title":{"rendered":"Contact Form"},"content":{"rendered":"\t\t<div data-elementor-type=\"wp-post\" data-elementor-id=\"447\" class=\"elementor elementor-447 elementor-62\" data-elementor-post-type=\"page\">\n\t\t\t\t\t\t<section class=\"elementor-section elementor-top-section elementor-element elementor-element-1537cc1 elementor-section-boxed elementor-section-height-default elementor-section-height-default\" data-id=\"1537cc1\" data-element_type=\"section\">\n\t\t\t\t\t\t<div class=\"elementor-container elementor-column-gap-default\">\n\t\t\t\t\t<div class=\"elementor-column elementor-col-50 elementor-top-column elementor-element elementor-element-5b6d562a\" data-id=\"5b6d562a\" data-element_type=\"column\">\n\t\t\t<div class=\"elementor-widget-wrap elementor-element-populated\">\n\t\t\t\t\t\t<div class=\"elementor-element elementor-element-d9e30f7 elementor-widget elementor-widget-text-editor\" data-id=\"d9e30f7\" data-element_type=\"widget\" data-widget_type=\"text-editor.default\">\n\t\t\t\t<div class=\"elementor-widget-container\">\n\t\t\t\t\t\t\t\t\t<p><\/p>\n<div class=\"wpcf7 no-js\" id=\"wpcf7-f446-o1\" lang=\"es-ES\" dir=\"ltr\" data-wpcf7-id=\"446\">\n<div class=\"screen-reader-response\">\n<p role=\"status\" aria-live=\"polite\" aria-atomic=\"true\">\n<ul><\/ul>\n<\/div>\n<form action=\"\/en\/wp-json\/wp\/v2\/pages\/447#wpcf7-f446-o1\" method=\"post\" class=\"wpcf7-form init\" aria-label=\"Formulario de contacto\" novalidate=\"novalidate\" data-status=\"init\">\n<div style=\"display: none;\">\n<input type=\"hidden\" name=\"_wpcf7\" value=\"446\" \/><br \/>\n<input type=\"hidden\" name=\"_wpcf7_version\" value=\"6.0.3\" \/><br \/>\n<input type=\"hidden\" name=\"_wpcf7_locale\" value=\"es_ES\" \/><br \/>\n<input type=\"hidden\" name=\"_wpcf7_unit_tag\" value=\"wpcf7-f446-o1\" \/><br \/>\n<input type=\"hidden\" name=\"_wpcf7_container_post\" value=\"0\" \/><br \/>\n<input type=\"hidden\" name=\"_wpcf7_posted_data_hash\" value=\"\" \/><br \/>\n<input type=\"hidden\" name=\"_wpcf7_recaptcha_response\" value=\"\" \/>\n<\/div>\n<p><label> Your name (requerido)<br \/>\n<span class=\"wpcf7-form-control-wrap\" data-name=\"your-name\"><input size=\"40\" maxlength=\"400\" class=\"wpcf7-form-control wpcf7-text wpcf7-validates-as-required\" aria-required=\"true\" aria-invalid=\"false\" value=\"\" type=\"text\" name=\"your-name\" \/><\/span> <\/label>\n<\/p>\n<p><label> Your Email (requerido)<br \/>\n<span class=\"wpcf7-form-control-wrap\" data-name=\"your-email\"><input size=\"40\" maxlength=\"400\" class=\"wpcf7-form-control wpcf7-email wpcf7-validates-as-required wpcf7-text wpcf7-validates-as-email\" aria-required=\"true\" aria-invalid=\"false\" value=\"\" type=\"email\" name=\"your-email\" \/><\/span> <\/label>\n<\/p>\n<p><label> Subject<br \/>\n<span class=\"wpcf7-form-control-wrap\" data-name=\"your-subject\"><input size=\"40\" maxlength=\"400\" class=\"wpcf7-form-control wpcf7-text\" aria-invalid=\"false\" value=\"\" type=\"text\" name=\"your-subject\" \/><\/span> <\/label>\n<\/p>\n<p><label> Message<br \/>\n<span class=\"wpcf7-form-control-wrap\" data-name=\"your-message\"><textarea cols=\"40\" rows=\"10\" maxlength=\"2000\" class=\"wpcf7-form-control wpcf7-textarea\" aria-invalid=\"false\" name=\"your-message\"><\/textarea><\/span> <\/label>\n<\/p>\n<p><input class=\"wpcf7-form-control wpcf7-submit has-spinner\" type=\"submit\" value=\"Send\" \/>\n<\/p>\n<div class=\"wpcf7-response-output\" aria-hidden=\"true\"><\/div>\n<\/form>\n<\/div>\n<p>\n<\/p>\n\t\t\t\t\t\t\t\t<\/div>\n\t\t\t\t<\/div>\n\t\t\t\t\t<\/div>\n\t\t<\/div>\n\t\t\t\t<div class=\"elementor-column elementor-col-50 elementor-top-column elementor-element elementor-element-981f3b1\" data-id=\"981f3b1\" data-element_type=\"column\">\n\t\t\t<div class=\"elementor-widget-wrap elementor-element-populated\">\n\t\t\t\t\t\t<div class=\"elementor-element elementor-element-d68dff5 elementor-widget elementor-widget-google_maps\" data-id=\"d68dff5\" data-element_type=\"widget\" data-widget_type=\"google_maps.default\">\n\t\t\t\t<div class=\"elementor-widget-container\">\n\t\t\t\t\t\t\t<div class=\"elementor-custom-embed\">\n\t\t\t<iframe loading=\"lazy\"\n\t\t\t\t\tsrc=\"https:\/\/maps.google.com\/maps?q=Hofmann%20Marketing%2C%20S.L.&#038;t=m&#038;z=10&#038;output=embed&#038;iwloc=near\"\n\t\t\t\t\ttitle=\"Hofmann Marketing, S.L.\"\n\t\t\t\t\taria-label=\"Hofmann Marketing, S.L.\"\n\t\t\t><\/iframe>\n\t\t<\/div>\n\t\t\t\t\t\t<\/div>\n\t\t\t\t<\/div>\n\t\t\t\t\t<\/div>\n\t\t<\/div>\n\t\t\t\t\t<\/div>\n\t\t<\/section>\n\t\t\t\t<section class=\"elementor-section elementor-top-section elementor-element elementor-element-b2b24dc elementor-section-boxed elementor-section-height-default elementor-section-height-default\" data-id=\"b2b24dc\" data-element_type=\"section\">\n\t\t\t\t\t\t<div class=\"elementor-container elementor-column-gap-default\">\n\t\t\t\t\t<div class=\"elementor-column elementor-col-100 elementor-top-column elementor-element elementor-element-5adcf04\" data-id=\"5adcf04\" data-element_type=\"column\">\n\t\t\t<div class=\"elementor-widget-wrap elementor-element-populated\">\n\t\t\t\t\t\t<div class=\"elementor-element elementor-element-6832063 elementor-view-framed elementor-shape-circle elementor-widget elementor-widget-icon\" data-id=\"6832063\" data-element_type=\"widget\" data-widget_type=\"icon.default\">\n\t\t\t\t<div class=\"elementor-widget-container\">\n\t\t\t\t\t\t\t<div class=\"elementor-icon-wrapper\">\n\t\t\t<a class=\"elementor-icon\" href=\"http:\/\/www.hofmannmkt.com\">\n\t\t\t\t\t\t\t<i class=\"fa fa-address-card\" aria-hidden=\"true\"><\/i>\n\t\t\t\t\t\t<\/a>\n\t\t<\/div>\n\t\t\t\t\t\t<\/div>\n\t\t\t\t<\/div>\n\t\t\t\t<div class=\"elementor-element elementor-element-fe7cba2 elementor-widget elementor-widget-text-editor\" data-id=\"fe7cba2\" data-element_type=\"widget\" data-widget_type=\"text-editor.default\">\n\t\t\t\t<div class=\"elementor-widget-container\">\n\t\t\t\t\t\t\t\t\t<p><img decoding=\"async\" class=\"wp-image-398 alignleft\" src=\"http:\/\/new.pmb-paramibebe.com\/wp-content\/uploads\/2019\/02\/favicon.jpg\" alt=\"\" width=\"148\" height=\"148\" srcset=\"http:\/\/www.pmb-paramibebe.com\/wp-content\/uploads\/2019\/02\/favicon.jpg 512w, http:\/\/www.pmb-paramibebe.com\/wp-content\/uploads\/2019\/02\/favicon-150x150.jpg 150w, http:\/\/www.pmb-paramibebe.com\/wp-content\/uploads\/2019\/02\/favicon-300x300.jpg 300w, http:\/\/www.pmb-paramibebe.com\/wp-content\/uploads\/2019\/02\/favicon-768x768.jpg 768w, http:\/\/www.pmb-paramibebe.com\/wp-content\/uploads\/2019\/02\/favicon-1024x1024.jpg 1024w, http:\/\/www.pmb-paramibebe.com\/wp-content\/uploads\/2019\/02\/favicon-100x100.jpg 100w, http:\/\/www.pmb-paramibebe.com\/wp-content\/uploads\/2019\/02\/favicon-230x230.jpg 230w\" sizes=\"(max-width: 148px) 100vw, 148px\" \/>Pol\u00edgono Industrial Santa Mar\u00eda Park<\/p>\n<p>F\u00e1brica de la Maresma, 26<\/p>\n<p>08460 Santa Maria de Palautordera\u00a0(Barcelona &#8211; Spain)<\/p>\n<p>Telf.: +34-932.654.334<\/p>\n\t\t\t\t\t\t\t\t<\/div>\n\t\t\t\t<\/div>\n\t\t\t\t\t<\/div>\n\t\t<\/div>\n\t\t\t\t\t<\/div>\n\t\t<\/section>\n\t\t\t\t<\/div>\n\t\t","protected":false},"excerpt":{"rendered":"<p>Pol\u00edgono Industrial Santa Mar\u00eda Park F\u00e1brica de la Maresma, 26 08460 Santa Maria de Palautordera\u00a0(Barcelona &#8211; Spain) Telf.: +34-932.654.334<\/p>\n","protected":false},"author":1,"featured_media":0,"parent":0,"menu_order":1,"comment_status":"closed","ping_status":"closed","template":"","meta":{"footnotes":""},"class_list":["post-447","page","type-page","status-publish","hentry"],"_links":{"self":[{"href":"http:\/\/www.pmb-paramibebe.com\/en\/wp-json\/wp\/v2\/pages\/447","targetHints":{"allow":["GET"]}}],"collection":[{"href":"http:\/\/www.pmb-paramibebe.com\/en\/wp-json\/wp\/v2\/pages"}],"about":[{"href":"http:\/\/www.pmb-paramibebe.com\/en\/wp-json\/wp\/v2\/types\/page"}],"author":[{"embeddable":true,"href":"http:\/\/www.pmb-paramibebe.com\/en\/wp-json\/wp\/v2\/users\/1"}],"replies":[{"embeddable":true,"href":"http:\/\/www.pmb-paramibebe.com\/en\/wp-json\/wp\/v2\/comments?post=447"}],"version-history":[{"count":14,"href":"http:\/\/www.pmb-paramibebe.com\/en\/wp-json\/wp\/v2\/pages\/447\/revisions"}],"predecessor-version":[{"id":597,"href":"http:\/\/www.pmb-paramibebe.com\/en\/wp-json\/wp\/v2\/pages\/447\/revisions\/597"}],"wp:attachment":[{"href":"http:\/\/www.pmb-paramibebe.com\/en\/wp-json\/wp\/v2\/media?parent=447"}],"curies":[{"name":"wp","href":"https:\/\/api.w.org\/{rel}","templated":true}]}}